{"id":1759,"date":"2023-09-11T19:12:38","date_gmt":"2023-09-11T19:12:38","guid":{"rendered":"https:\/\/latinasrise.org\/?page_id=1759"},"modified":"2024-01-02T22:02:11","modified_gmt":"2024-01-02T22:02:11","slug":"prestamos-no-tradicionales","status":"publish","type":"page","link":"https:\/\/latinasrise.org\/es\/prestamos-no-tradicionales\/","title":{"rendered":"Prestamos No Tradicionales"},"content":{"rendered":"<div data-elementor-type=\"wp-page\" data-elementor-id=\"1759\" class=\"elementor elementor-1759\" data-elementor-post-type=\"page\">\n\t\t\t\t\t\t<section class=\"elementor-section elementor-top-section elementor-element elementor-element-c049682 elementor-section-boxed elementor-section-height-default elementor-section-height-default\" data-id=\"c049682\" data-element_type=\"section\" data-e-type=\"section\" data-settings=\"{&quot;background_background&quot;:&quot;classic&quot;}\">\n\t\t\t\t\t\t\t<div class=\"elementor-background-overlay\"><\/div>\n\t\t\t\t\t\t\t<div class=\"elementor-container elementor-column-gap-no\">\n\t\t\t\t\t<div class=\"elementor-column elementor-col-100 elementor-top-column elementor-element elementor-element-dcc9415\" data-id=\"dcc9415\" data-element_type=\"column\" data-e-type=\"column\">\n\t\t\t<div class=\"elementor-widget-wrap elementor-element-populated\">\n\t\t\t\t\t\t<div class=\"elementor-element elementor-element-582e708 elementor-invisible elementor-widget elementor-widget-heading\" data-id=\"582e708\" data-element_type=\"widget\" data-e-type=\"widget\" data-settings=\"{&quot;_animation&quot;:&quot;zoomIn&quot;}\" data-widget_type=\"heading.default\">\n\t\t\t\t<div class=\"elementor-widget-container\">\n\t\t\t\t\t<h2 class=\"elementor-heading-title elementor-size-default\">Taller: Pr\u00e9stamos No tradicionales<\/h2>\t\t\t\t<\/div>\n\t\t\t\t<\/div>\n\t\t\t\t<div class=\"elementor-element elementor-element-f66f20e elementor-widget-divider--view-line elementor-widget elementor-widget-divider\" data-id=\"f66f20e\" data-element_type=\"widget\" data-e-type=\"widget\" data-widget_type=\"divider.default\">\n\t\t\t\t<div class=\"elementor-widget-container\">\n\t\t\t\t\t\t\t<div class=\"elementor-divider\">\n\t\t\t<span class=\"elementor-divider-separator\">\n\t\t\t\t\t\t<\/span>\n\t\t<\/div>\n\t\t\t\t\t\t<\/div>\n\t\t\t\t<\/div>\n\t\t\t\t<div class=\"elementor-element elementor-element-5be93be elementor-icon-list--layout-inline elementor-list-item-link-full_width elementor-widget elementor-widget-icon-list\" data-id=\"5be93be\" data-element_type=\"widget\" data-e-type=\"widget\" data-widget_type=\"icon-list.default\">\n\t\t\t\t<div class=\"elementor-widget-container\">\n\t\t\t\t\t\t\t<ul class=\"elementor-icon-list-items elementor-inline-items\">\n\t\t\t\t\t\t\t<li class=\"elementor-icon-list-item elementor-inline-item\">\n\t\t\t\t\t\t\t\t\t\t\t<a href=\"https:\/\/latinasrise.org\/es\/\">\n\n\t\t\t\t\t\t\t\t\t\t\t<span class=\"elementor-icon-list-text\">Home<\/span>\n\t\t\t\t\t\t\t\t\t\t\t<\/a>\n\t\t\t\t\t\t\t\t\t<\/li>\n\t\t\t\t\t\t\t\t<li class=\"elementor-icon-list-item elementor-inline-item\">\n\t\t\t\t\t\t\t\t\t\t\t<a href=\"https:\/\/latinasrise.org\/es\/about\/\">\n\n\t\t\t\t\t\t\t\t\t\t\t\t<span class=\"elementor-icon-list-icon\">\n\t\t\t\t\t\t\t<i aria-hidden=\"true\" class=\"fas fa-angle-double-right\"><\/i>\t\t\t\t\t\t<\/span>\n\t\t\t\t\t\t\t\t\t\t<span class=\"elementor-icon-list-text\">About<\/span>\n\t\t\t\t\t\t\t\t\t\t\t<\/a>\n\t\t\t\t\t\t\t\t\t<\/li>\n\t\t\t\t\t\t<\/ul>\n\t\t\t\t\t\t<\/div>\n\t\t\t\t<\/div>\n\t\t\t\t\t<\/div>\n\t\t<\/div>\n\t\t\t\t\t<\/div>\n\t\t<\/section>\n\t\t\t\t<section class=\"elementor-section elementor-top-section elementor-element elementor-element-5600b956 elementor-section-boxed elementor-section-height-default elementor-section-height-default\" data-id=\"5600b956\" data-element_type=\"section\" data-e-type=\"section\">\n\t\t\t\t\t\t<div class=\"elementor-container elementor-column-gap-default\">\n\t\t\t\t\t<div class=\"elementor-column elementor-col-100 elementor-top-column elementor-element elementor-element-741f9ecb\" data-id=\"741f9ecb\" data-element_type=\"column\" data-e-type=\"column\">\n\t\t\t<div class=\"elementor-widget-wrap elementor-element-populated\">\n\t\t\t\t\t\t<div class=\"elementor-element elementor-element-1f3cf671 elementor-widget elementor-widget-heading\" data-id=\"1f3cf671\" data-element_type=\"widget\" data-e-type=\"widget\" data-widget_type=\"heading.default\">\n\t\t\t\t<div class=\"elementor-widget-container\">\n\t\t\t\t\t<h2 class=\"elementor-heading-title elementor-size-default\">\u00bfEn b\u00fasqueda de recursos econ\u00f3micos para tu negocio?<\/h2>\t\t\t\t<\/div>\n\t\t\t\t<\/div>\n\t\t\t\t<div class=\"elementor-element elementor-element-3bcb9b6 elementor-widget elementor-widget-text-editor\" data-id=\"3bcb9b6\" data-element_type=\"widget\" data-e-type=\"widget\" data-widget_type=\"text-editor.default\">\n\t\t\t\t<div class=\"elementor-widget-container\">\n\t\t\t\t\t\t\t\t\tEn esta cautivadora charla, exploraremos el fascinante mundo de los pr\u00e9stamos no tradicionales y sus requisitos.\t\t\t\t\t\t\t\t<\/div>\n\t\t\t\t<\/div>\n\t\t\t\t<div class=\"elementor-element elementor-element-7bb89735 elementor-widget elementor-widget-text-editor\" data-id=\"7bb89735\" data-element_type=\"widget\" data-e-type=\"widget\" data-widget_type=\"text-editor.default\">\n\t\t\t\t<div class=\"elementor-widget-container\">\n\t\t\t\t\t\t\t\t\t<p>Descubre las oportunidades financieras que ACE brinda a emprendedores audaces. Acomp\u00e1\u00f1anos mientras las panelistas comparten sus emocionantes historias de \u00e9xito, revelando c\u00f3mo ACE les ha brindado el impulso financiero necesario para hacer crecer sus negocios.\u00a0<\/p>\t\t\t\t\t\t\t\t<\/div>\n\t\t\t\t<\/div>\n\t\t\t\t<div class=\"elementor-element elementor-element-86909ba elementor-widget elementor-widget-text-editor\" data-id=\"86909ba\" data-element_type=\"widget\" data-e-type=\"widget\" data-widget_type=\"text-editor.default\">\n\t\t\t\t<div class=\"elementor-widget-container\">\n\t\t\t\t\t\t\t\t\t<p>Desde los desaf\u00edos iniciales hasta el triunfo actual, sus testimonios te inspirar\u00e1n a explorar nuevas v\u00edas de financiamiento y a aprovechar al m\u00e1ximo las oportunidades disponibles. \u00danete a esta charla informativa y motivadora para aprender c\u00f3mo superar barreras financieras y prosperar en el mundo empresarial.<\/p>\t\t\t\t\t\t\t\t<\/div>\n\t\t\t\t<\/div>\n\t\t\t\t<div class=\"elementor-element elementor-element-2b17e281 elementor-hidden-mobile elementor-widget elementor-widget-image\" data-id=\"2b17e281\" data-element_type=\"widget\" data-e-type=\"widget\" data-widget_type=\"image.default\">\n\t\t\t\t<div class=\"elementor-widget-container\">\n\t\t\t\t\t\t\t\t\t\t\t\t\t\t\t<img fetchpriority=\"high\" decoding=\"async\" width=\"1920\" height=\"1080\" src=\"https:\/\/latinasrise.org\/wp-content\/uploads\/2023\/10\/123.jpg\" class=\"attachment-full size-full wp-image-1944\" alt=\"\" srcset=\"https:\/\/latinasrise.org\/wp-content\/uploads\/2023\/10\/123.jpg 1920w, https:\/\/latinasrise.org\/wp-content\/uploads\/2023\/10\/123-300x169.jpg 300w, https:\/\/latinasrise.org\/wp-content\/uploads\/2023\/10\/123-1024x576.jpg 1024w, https:\/\/latinasrise.org\/wp-content\/uploads\/2023\/10\/123-768x432.jpg 768w, https:\/\/latinasrise.org\/wp-content\/uploads\/2023\/10\/123-1536x864.jpg 1536w\" sizes=\"(max-width: 1920px) 100vw, 1920px\" \/>\t\t\t\t\t\t\t\t\t\t\t\t\t\t\t<\/div>\n\t\t\t\t<\/div>\n\t\t\t\t<div class=\"elementor-element elementor-element-7746097 elementor-hidden-desktop elementor-hidden-tablet elementor-widget elementor-widget-image\" data-id=\"7746097\" data-element_type=\"widget\" data-e-type=\"widget\" data-widget_type=\"image.default\">\n\t\t\t\t<div class=\"elementor-widget-container\">\n\t\t\t\t\t\t\t\t\t\t\t\t\t\t\t<img decoding=\"async\" width=\"1080\" height=\"1350\" src=\"https:\/\/latinasrise.org\/wp-content\/uploads\/2023\/10\/12.jpg\" class=\"attachment-full size-full wp-image-1943\" alt=\"\" srcset=\"https:\/\/latinasrise.org\/wp-content\/uploads\/2023\/10\/12.jpg 1080w, https:\/\/latinasrise.org\/wp-content\/uploads\/2023\/10\/12-240x300.jpg 240w, https:\/\/latinasrise.org\/wp-content\/uploads\/2023\/10\/12-819x1024.jpg 819w, https:\/\/latinasrise.org\/wp-content\/uploads\/2023\/10\/12-768x960.jpg 768w\" sizes=\"(max-width: 1080px) 100vw, 1080px\" \/>\t\t\t\t\t\t\t\t\t\t\t\t\t\t\t<\/div>\n\t\t\t\t<\/div>\n\t\t\t\t<div class=\"elementor-element elementor-element-12d552af elementor-widget-divider--view-line elementor-widget elementor-widget-divider\" data-id=\"12d552af\" data-element_type=\"widget\" data-e-type=\"widget\" data-widget_type=\"divider.default\">\n\t\t\t\t<div class=\"elementor-widget-container\">\n\t\t\t\t\t\t\t<div class=\"elementor-divider\">\n\t\t\t<span class=\"elementor-divider-separator\">\n\t\t\t\t\t\t<\/span>\n\t\t<\/div>\n\t\t\t\t\t\t<\/div>\n\t\t\t\t<\/div>\n\t\t\t\t<div class=\"elementor-element elementor-element-1aa37f59 elementor-widget elementor-widget-google_maps\" data-id=\"1aa37f59\" data-element_type=\"widget\" data-e-type=\"widget\" data-widget_type=\"google_maps.default\">\n\t\t\t\t<div class=\"elementor-widget-container\">\n\t\t\t\t\t\t\t<div class=\"elementor-custom-embed\">\n\t\t\t<iframe loading=\"lazy\"\n\t\t\t\t\tsrc=\"https:\/\/maps.google.com\/maps?q=norcross%20cultural&#038;t=m&#038;z=10&#038;output=embed&#038;iwloc=near\"\n\t\t\t\t\ttitle=\"norcross cultural\"\n\t\t\t\t\taria-label=\"norcross cultural\"\n\t\t\t><\/iframe>\n\t\t<\/div>\n\t\t\t\t\t\t<\/div>\n\t\t\t\t<\/div>\n\t\t\t\t<div class=\"elementor-element elementor-element-cd93987 elementor-widget elementor-widget-progress\" data-id=\"cd93987\" data-element_type=\"widget\" data-e-type=\"widget\" data-widget_type=\"progress.default\">\n\t\t\t\t<div class=\"elementor-widget-container\">\n\t\t\t\t\t\t\t\t<h3 class=\"elementor-title\" id=\"elementor-progress-bar-cd93987\">\n\t\t\t\tCupos Diponibles\t\t\t<\/h3>\n\t\t\n\t\t<div aria-labelledby=\"elementor-progress-bar-cd93987\" class=\"elementor-progress-wrapper\" role=\"progressbar\" aria-valuemin=\"0\" aria-valuemax=\"100\" aria-valuenow=\"30\">\n\t\t\t<div class=\"elementor-progress-bar\" data-max=\"30\">\n\t\t\t\t<span class=\"elementor-progress-text\"><\/span>\n\t\t\t\t\t\t\t\t\t<span class=\"elementor-progress-percentage\">30%<\/span>\n\t\t\t\t\t\t\t<\/div>\n\t\t<\/div>\n\t\t\t\t\t\t<\/div>\n\t\t\t\t<\/div>\n\t\t\t\t<div class=\"elementor-element elementor-element-55917635 elementor-widget elementor-widget-heading\" data-id=\"55917635\" data-element_type=\"widget\" data-e-type=\"widget\" data-widget_type=\"heading.default\">\n\t\t\t\t<div class=\"elementor-widget-container\">\n\t\t\t\t\t<h2 class=\"elementor-heading-title elementor-size-default\">Aprovecha esta gran oportunidad<\/h2>\t\t\t\t<\/div>\n\t\t\t\t<\/div>\n\t\t\t\t<div class=\"elementor-element elementor-element-7e47871 elementor-align-center elementor-widget elementor-widget-button\" data-id=\"7e47871\" data-element_type=\"widget\" data-e-type=\"widget\" data-widget_type=\"button.default\">\n\t\t\t\t<div class=\"elementor-widget-container\">\n\t\t\t\t\t\t\t\t\t<div class=\"elementor-button-wrapper\">\n\t\t\t\t\t<a class=\"elementor-button elementor-button-link elementor-size-xl elementor-animation-grow\" href=\"https:\/\/www.eventbrite.com\/e\/prestamos-no-tradicional-powered-by-latinas-rise-ace-tickets-721407036867?aff=oddtdtcreator\">\n\t\t\t\t\t\t<span class=\"elementor-button-content-wrapper\">\n\t\t\t\t\t\t\t\t\t<span class=\"elementor-button-text\">Inscr\u00edbete Aqu\u00ed<\/span>\n\t\t\t\t\t<\/span>\n\t\t\t\t\t<\/a>\n\t\t\t\t<\/div>\n\t\t\t\t\t\t\t\t<\/div>\n\t\t\t\t<\/div>\n\t\t\t\t\t<\/div>\n\t\t<\/div>\n\t\t\t\t\t<\/div>\n\t\t<\/section>\n\t\t\t\t<\/div>","protected":false},"excerpt":{"rendered":"<p>Taller: Pr\u00e9stamos No tradicionales Home About \u00bfEn b\u00fasqueda de recursos econ\u00f3micos para tu negocio? En esta cautivadora charla, exploraremos el fascinante mundo de los pr\u00e9stamos no tradicionales y sus requisitos. Descubre las oportunidades financieras que ACE brinda a emprendedores audaces. Acomp\u00e1\u00f1anos mientras las panelistas comparten sus emocionantes historias de \u00e9xito, revelando c\u00f3mo ACE les ha [&hellip;]<\/p>\n","protected":false},"author":1,"featured_media":0,"parent":0,"menu_order":0,"comment_status":"closed","ping_status":"closed","template":"elementor_header_footer","meta":{"give_campaign_id":0,"hide_page_title":"","footnotes":""},"class_list":["post-1759","page","type-page","status-publish","hentry"],"yoast_head":"<!-- This site is optimized with the Yoast SEO plugin v27.5 - https:\/\/yoast.com\/product\/yoast-seo-wordpress\/ -->\n<title>Prestamos No Tradicionales<\/title>\n<meta name=\"description\" content=\"Taller: Pr\u00e9stamos No tradicionales Home About \u00bfEn b\u00fasqueda de recursos econ\u00f3micos para tu negocio? En esta cautivadora charla, exploraremos el fascinante\" \/>\n<meta name=\"robots\" content=\"index, follow, max-snippet:-1, max-image-preview:large, max-video-preview:-1\" \/>\n<link rel=\"canonical\" href=\"https:\/\/latinasrise.org\/es\/prestamos-no-tradicionales\/\" \/>\n<meta property=\"og:locale\" content=\"es_ES\" \/>\n<meta property=\"og:type\" content=\"article\" \/>\n<meta property=\"og:title\" content=\"Prestamos No Tradicionales\" \/>\n<meta property=\"og:description\" content=\"Taller: Pr\u00e9stamos No tradicionales Home About \u00bfEn b\u00fasqueda de recursos econ\u00f3micos para tu negocio? En esta cautivadora charla, exploraremos el fascinante\" \/>\n<meta property=\"og:url\" content=\"https:\/\/latinasrise.org\/es\/prestamos-no-tradicionales\/\" \/>\n<meta property=\"og:site_name\" content=\"Latinas Rise\" \/>\n<meta property=\"article:modified_time\" content=\"2024-01-02T22:02:11+00:00\" \/>\n<meta property=\"og:image\" content=\"https:\/\/latinasrise.org\/wp-content\/uploads\/2023\/10\/123.jpg\" \/>\n<meta name=\"twitter:card\" content=\"summary_large_image\" \/>\n<meta name=\"twitter:label1\" content=\"Tiempo de lectura\" \/>\n\t<meta name=\"twitter:data1\" content=\"1 minuto\" \/>\n<script type=\"application\/ld+json\" class=\"yoast-schema-graph\">{\"@context\":\"https:\\\/\\\/schema.org\",\"@graph\":[{\"@type\":\"WebPage\",\"@id\":\"https:\\\/\\\/latinasrise.org\\\/prestamos-no-tradicionales\\\/\",\"url\":\"https:\\\/\\\/latinasrise.org\\\/prestamos-no-tradicionales\\\/\",\"name\":\"Prestamos No Tradicionales\",\"isPartOf\":{\"@id\":\"https:\\\/\\\/latinasrise.org\\\/#website\"},\"primaryImageOfPage\":{\"@id\":\"https:\\\/\\\/latinasrise.org\\\/prestamos-no-tradicionales\\\/#primaryimage\"},\"image\":{\"@id\":\"https:\\\/\\\/latinasrise.org\\\/prestamos-no-tradicionales\\\/#primaryimage\"},\"thumbnailUrl\":\"https:\\\/\\\/latinasrise.org\\\/wp-content\\\/uploads\\\/2023\\\/10\\\/123.jpg\",\"datePublished\":\"2023-09-11T19:12:38+00:00\",\"dateModified\":\"2024-01-02T22:02:11+00:00\",\"description\":\"Taller: Pr\u00e9stamos No tradicionales Home About \u00bfEn b\u00fasqueda de recursos econ\u00f3micos para tu negocio? En esta cautivadora charla, exploraremos el fascinante\",\"breadcrumb\":{\"@id\":\"https:\\\/\\\/latinasrise.org\\\/prestamos-no-tradicionales\\\/#breadcrumb\"},\"inLanguage\":\"es\",\"potentialAction\":[{\"@type\":\"ReadAction\",\"target\":[\"https:\\\/\\\/latinasrise.org\\\/prestamos-no-tradicionales\\\/\"]}]},{\"@type\":\"ImageObject\",\"inLanguage\":\"es\",\"@id\":\"https:\\\/\\\/latinasrise.org\\\/prestamos-no-tradicionales\\\/#primaryimage\",\"url\":\"https:\\\/\\\/latinasrise.org\\\/wp-content\\\/uploads\\\/2023\\\/10\\\/123.jpg\",\"contentUrl\":\"https:\\\/\\\/latinasrise.org\\\/wp-content\\\/uploads\\\/2023\\\/10\\\/123.jpg\"},{\"@type\":\"BreadcrumbList\",\"@id\":\"https:\\\/\\\/latinasrise.org\\\/prestamos-no-tradicionales\\\/#breadcrumb\",\"itemListElement\":[{\"@type\":\"ListItem\",\"position\":1,\"name\":\"Home\",\"item\":\"https:\\\/\\\/latinasrise.org\\\/\"},{\"@type\":\"ListItem\",\"position\":2,\"name\":\"Prestamos No Tradicionales\"}]},{\"@type\":\"WebSite\",\"@id\":\"https:\\\/\\\/latinasrise.org\\\/#website\",\"url\":\"https:\\\/\\\/latinasrise.org\\\/\",\"name\":\"Latinas Rise\",\"description\":\"Together We Rise, Empowering Women Everywhere\",\"publisher\":{\"@id\":\"https:\\\/\\\/latinasrise.org\\\/#organization\"},\"potentialAction\":[{\"@type\":\"SearchAction\",\"target\":{\"@type\":\"EntryPoint\",\"urlTemplate\":\"https:\\\/\\\/latinasrise.org\\\/?s={search_term_string}\"},\"query-input\":{\"@type\":\"PropertyValueSpecification\",\"valueRequired\":true,\"valueName\":\"search_term_string\"}}],\"inLanguage\":\"es\"},{\"@type\":\"Organization\",\"@id\":\"https:\\\/\\\/latinasrise.org\\\/#organization\",\"name\":\"Latinas Rise\",\"url\":\"https:\\\/\\\/latinasrise.org\\\/\",\"logo\":{\"@type\":\"ImageObject\",\"inLanguage\":\"es\",\"@id\":\"https:\\\/\\\/latinasrise.org\\\/#\\\/schema\\\/logo\\\/image\\\/\",\"url\":\"https:\\\/\\\/latinasrise.org\\\/wp-content\\\/uploads\\\/2023\\\/03\\\/cropped-Untitled-2.png\",\"contentUrl\":\"https:\\\/\\\/latinasrise.org\\\/wp-content\\\/uploads\\\/2023\\\/03\\\/cropped-Untitled-2.png\",\"width\":512,\"height\":512,\"caption\":\"Latinas Rise\"},\"image\":{\"@id\":\"https:\\\/\\\/latinasrise.org\\\/#\\\/schema\\\/logo\\\/image\\\/\"},\"sameAs\":[\"https:\\\/\\\/www.instagram.com\\\/latinas_rise\\\/\"]}]}<\/script>\n<!-- \/ Yoast SEO plugin. -->","yoast_head_json":{"title":"Prestamos No Tradicionales","description":"Taller: Pr\u00e9stamos No tradicionales Home About \u00bfEn b\u00fasqueda de recursos econ\u00f3micos para tu negocio? En esta cautivadora charla, exploraremos el fascinante","robots":{"index":"index","follow":"follow","max-snippet":"max-snippet:-1","max-image-preview":"max-image-preview:large","max-video-preview":"max-video-preview:-1"},"canonical":"https:\/\/latinasrise.org\/es\/prestamos-no-tradicionales\/","og_locale":"es_ES","og_type":"article","og_title":"Prestamos No Tradicionales","og_description":"Taller: Pr\u00e9stamos No tradicionales Home About \u00bfEn b\u00fasqueda de recursos econ\u00f3micos para tu negocio? En esta cautivadora charla, exploraremos el fascinante","og_url":"https:\/\/latinasrise.org\/es\/prestamos-no-tradicionales\/","og_site_name":"Latinas Rise","article_modified_time":"2024-01-02T22:02:11+00:00","og_image":[{"url":"https:\/\/latinasrise.org\/wp-content\/uploads\/2023\/10\/123.jpg","type":"","width":"","height":""}],"twitter_card":"summary_large_image","twitter_misc":{"Tiempo de lectura":"1 minuto"},"schema":{"@context":"https:\/\/schema.org","@graph":[{"@type":"WebPage","@id":"https:\/\/latinasrise.org\/prestamos-no-tradicionales\/","url":"https:\/\/latinasrise.org\/prestamos-no-tradicionales\/","name":"Prestamos No Tradicionales","isPartOf":{"@id":"https:\/\/latinasrise.org\/#website"},"primaryImageOfPage":{"@id":"https:\/\/latinasrise.org\/prestamos-no-tradicionales\/#primaryimage"},"image":{"@id":"https:\/\/latinasrise.org\/prestamos-no-tradicionales\/#primaryimage"},"thumbnailUrl":"https:\/\/latinasrise.org\/wp-content\/uploads\/2023\/10\/123.jpg","datePublished":"2023-09-11T19:12:38+00:00","dateModified":"2024-01-02T22:02:11+00:00","description":"Taller: Pr\u00e9stamos No tradicionales Home About \u00bfEn b\u00fasqueda de recursos econ\u00f3micos para tu negocio? En esta cautivadora charla, exploraremos el fascinante","breadcrumb":{"@id":"https:\/\/latinasrise.org\/prestamos-no-tradicionales\/#breadcrumb"},"inLanguage":"es","potentialAction":[{"@type":"ReadAction","target":["https:\/\/latinasrise.org\/prestamos-no-tradicionales\/"]}]},{"@type":"ImageObject","inLanguage":"es","@id":"https:\/\/latinasrise.org\/prestamos-no-tradicionales\/#primaryimage","url":"https:\/\/latinasrise.org\/wp-content\/uploads\/2023\/10\/123.jpg","contentUrl":"https:\/\/latinasrise.org\/wp-content\/uploads\/2023\/10\/123.jpg"},{"@type":"BreadcrumbList","@id":"https:\/\/latinasrise.org\/prestamos-no-tradicionales\/#breadcrumb","itemListElement":[{"@type":"ListItem","position":1,"name":"Home","item":"https:\/\/latinasrise.org\/"},{"@type":"ListItem","position":2,"name":"Prestamos No Tradicionales"}]},{"@type":"WebSite","@id":"https:\/\/latinasrise.org\/#website","url":"https:\/\/latinasrise.org\/","name":"Latinas Rise","description":"Together We Rise, Empowering Women Everywhere","publisher":{"@id":"https:\/\/latinasrise.org\/#organization"},"potentialAction":[{"@type":"SearchAction","target":{"@type":"EntryPoint","urlTemplate":"https:\/\/latinasrise.org\/?s={search_term_string}"},"query-input":{"@type":"PropertyValueSpecification","valueRequired":true,"valueName":"search_term_string"}}],"inLanguage":"es"},{"@type":"Organization","@id":"https:\/\/latinasrise.org\/#organization","name":"Latinas Rise","url":"https:\/\/latinasrise.org\/","logo":{"@type":"ImageObject","inLanguage":"es","@id":"https:\/\/latinasrise.org\/#\/schema\/logo\/image\/","url":"https:\/\/latinasrise.org\/wp-content\/uploads\/2023\/03\/cropped-Untitled-2.png","contentUrl":"https:\/\/latinasrise.org\/wp-content\/uploads\/2023\/03\/cropped-Untitled-2.png","width":512,"height":512,"caption":"Latinas Rise"},"image":{"@id":"https:\/\/latinasrise.org\/#\/schema\/logo\/image\/"},"sameAs":["https:\/\/www.instagram.com\/latinas_rise\/"]}]}},"campaignId":"","_links":{"self":[{"href":"https:\/\/latinasrise.org\/es\/wp-json\/wp\/v2\/pages\/1759","targetHints":{"allow":["GET"]}}],"collection":[{"href":"https:\/\/latinasrise.org\/es\/wp-json\/wp\/v2\/pages"}],"about":[{"href":"https:\/\/latinasrise.org\/es\/wp-json\/wp\/v2\/types\/page"}],"author":[{"embeddable":true,"href":"https:\/\/latinasrise.org\/es\/wp-json\/wp\/v2\/users\/1"}],"replies":[{"embeddable":true,"href":"https:\/\/latinasrise.org\/es\/wp-json\/wp\/v2\/comments?post=1759"}],"version-history":[{"count":95,"href":"https:\/\/latinasrise.org\/es\/wp-json\/wp\/v2\/pages\/1759\/revisions"}],"predecessor-version":[{"id":2319,"href":"https:\/\/latinasrise.org\/es\/wp-json\/wp\/v2\/pages\/1759\/revisions\/2319"}],"wp:attachment":[{"href":"https:\/\/latinasrise.org\/es\/wp-json\/wp\/v2\/media?parent=1759"}],"curies":[{"name":"wp","href":"https:\/\/api.w.org\/{rel}","templated":true}]}}